{"id":408,"date":"2013-06-17T08:21:32","date_gmt":"2013-06-17T08:21:32","guid":{"rendered":"https:\/\/arianetech.net\/historia-2\/"},"modified":"2014-05-08T16:08:45","modified_gmt":"2014-05-08T16:08:45","slug":"history","status":"publish","type":"page","link":"https:\/\/arianetech.net\/en\/history\/","title":{"rendered":"History"},"content":{"rendered":"<p style=\"text-align: justify;\"><img loading=\"lazy\" decoding=\"async\" class=\"size-full wp-image-21 alignleft\" style=\"margin-top: 10px; margin-bottom: 0px;\" alt=\"historia\" src=\"https:\/\/arianetech.net\/wp-content\/uploads\/2013\/06\/historia.png\" width=\"276\" height=\"150\" \/><b>In 1995<\/b>\u00a0<b>Juan Manuel Navarro<\/b>\u00a0and\u00a0<b>Jos\u00e9 \u00c1ngel S\u00e1nchez<\/b>, still being students at the Aeronautical Englishineering School, embark on the design and costruction of the GM011 Ariane, prototype of a competition 125 cc motor-bike which, for dessert, they presented as the End of Career Project.<\/p>\n<p style=\"text-align: justify;\">At that time, the Mechanical Englishineer\u00a0<strong>Josep Losantos\u00a0<\/strong>was already working for Yamaha Motor Espa\u00f1a for 6 years.<\/p>\n<p style=\"text-align: justify;\"><strong>In 1997<\/strong>\u00a0Juan Manuel Navarro started working for Yamaha Motor Espa\u00f1a where he developed his professional career, alongside Josep Losantos, until 2004, year in which ArianeTech Englishineering was created.<\/p>\n<p style=\"text-align: justify;\">During this period, Jos\u00e9 \u00c1ngel S\u00e1nchez worked for Vexel S.L. in the design of the Quovis (four-wheeled vehicle for people in wheelchairs); for Patentes TALGO S.A. where he participated in the development of the TALGO 350, high-speed train; and for Nissan Motor Ib\u00e9rica in the Diesel Englishines Development Centre.<\/p>\n<p style=\"text-align: justify;\"><strong>In 2004 these three people founded the company ArianeTech Englishineering<\/strong>\u00a0and started a common project in a world which for them is fascinating, that of the motor-bikes and the engineering.<\/p>\n<p style=\"text-align: justify;\">In successive years, we have extended our services towards the railway and aeronautic sectors, carrying out several projects with great success.<\/p>\n<p><img loading=\"lazy\" decoding=\"async\" class=\"size-full wp-image-168 aligncenter\" style=\"margin-top: 10px; margin-bottom: 0px;\" alt=\"arianetech-historia\" src=\"https:\/\/arianetech.net\/wp-content\/uploads\/2013\/06\/arianetech-historia.png\" width=\"939\" height=\"129\" \/><\/p>\n","protected":false},"excerpt":{"rendered":"<p>In 1995\u00a0Juan Manuel Navarro\u00a0and\u00a0Jos\u00e9 \u00c1ngel S\u00e1nchez, still being students at the Aeronautical Englishineering School, embark on the design and costruction of the GM011 Ariane, prototype of a competition 125 cc motor-bike which, for dessert, they presented as the End of Career Project. At that time, the Mechanical Englishineer\u00a0Josep Losantos\u00a0was already working for Yamaha Motor Espa\u00f1a [&hellip;]<\/p>\n","protected":false},"author":1,"featured_media":0,"parent":0,"menu_order":0,"comment_status":"open","ping_status":"open","template":"page-full.php","meta":{"footnotes":""},"class_list":["post-408","page","type-page","status-publish","hentry"],"_links":{"self":[{"href":"https:\/\/arianetech.net\/en\/wp-json\/wp\/v2\/pages\/408","targetHints":{"allow":["GET"]}}],"collection":[{"href":"https:\/\/arianetech.net\/en\/wp-json\/wp\/v2\/pages"}],"about":[{"href":"https:\/\/arianetech.net\/en\/wp-json\/wp\/v2\/types\/page"}],"author":[{"embeddable":true,"href":"https:\/\/arianetech.net\/en\/wp-json\/wp\/v2\/users\/1"}],"replies":[{"embeddable":true,"href":"https:\/\/arianetech.net\/en\/wp-json\/wp\/v2\/comments?post=408"}],"version-history":[{"count":5,"href":"https:\/\/arianetech.net\/en\/wp-json\/wp\/v2\/pages\/408\/revisions"}],"predecessor-version":[{"id":468,"href":"https:\/\/arianetech.net\/en\/wp-json\/wp\/v2\/pages\/408\/revisions\/468"}],"wp:attachment":[{"href":"https:\/\/arianetech.net\/en\/wp-json\/wp\/v2\/media?parent=408"}],"curies":[{"name":"wp","href":"https:\/\/api.w.org\/{rel}","templated":true}]}}